{"id":209,"date":"2022-03-04T16:15:34","date_gmt":"2022-03-04T14:15:34","guid":{"rendered":"https:\/\/seitseoravat.ee\/?page_id=209"},"modified":"2025-11-16T17:40:59","modified_gmt":"2025-11-16T15:40:59","slug":"teenus-1","status":"publish","type":"page","link":"https:\/\/seitseoravat.ee\/index.php\/teenused\/teenus-1\/","title":{"rendered":"Tugiisikuteenus"},"content":{"rendered":"\n<p class=\"has-white-background-color has-background\">Pakume tugiisikuteenust<\/p>\n\n\n\n<p class=\"has-white-background-color has-background\">Kuulutus: Seitse oravat O\u00dc pakub t\u00f6\u00f6d r\u00f5\u00f5msameelsele tugiisikule, kes aitab abivajadusega lapsel hakkama saada igap\u00e4evaelu tegemistega kodus, koolis v\u00f5i lasteaias.<br>T\u00f6\u00f6tada saab osalise v\u00f5i t\u00e4ist\u00f6\u00f6ajaga, s\u00f5ltuvalt lapsele m\u00e4\u00e4ratud abistamise mahust. T\u00f6\u00f6tasu 8 eurot tund (bruto).<br>Sooviavaldus ja l\u00fchike enesekirjeldus palun saata info@seitseoravat.ee<br>Samale aadressile palun saata ka tekkivad k\u00fcsimused. Vastan esimesel v\u00f5imalusel.<\/p>\n\n\n\n<p class=\"has-white-background-color has-background\"><\/p>\n","protected":false},"excerpt":{"rendered":"<p>Pakume tugiisikuteenust Kuulutus: Seitse oravat O\u00dc pakub t\u00f6\u00f6d r\u00f5\u00f5msameelsele tugiisikule, kes aitab abivajadusega lapsel hakkama saada igap\u00e4evaelu tegemistega kodus, koolis v\u00f5i lasteaias.T\u00f6\u00f6tada saab osalise v\u00f5i t\u00e4ist\u00f6\u00f6ajaga, s\u00f5ltuvalt lapsele m\u00e4\u00e4ratud abistamise mahust. T\u00f6\u00f6tasu 8 eurot tund (bruto).Sooviavaldus ja l\u00fchike enesekirjeldus palun saata info@seitseoravat.eeSamale aadressile palun saata ka tekkivad k\u00fcsimused. Vastan esimesel v\u00f5imalusel.<\/p>\n","protected":false},"author":1,"featured_media":0,"parent":165,"menu_order":0,"comment_status":"closed","ping_status":"closed","template":"","meta":{"footnotes":""},"class_list":["post-209","page","type-page","status-publish","hentry","entry"],"_links":{"self":[{"href":"https:\/\/seitseoravat.ee\/index.php\/wp-json\/wp\/v2\/pages\/209","targetHints":{"allow":["GET"]}}],"collection":[{"href":"https:\/\/seitseoravat.ee\/index.php\/wp-json\/wp\/v2\/pages"}],"about":[{"href":"https:\/\/seitseoravat.ee\/index.php\/wp-json\/wp\/v2\/types\/page"}],"author":[{"embeddable":true,"href":"https:\/\/seitseoravat.ee\/index.php\/wp-json\/wp\/v2\/users\/1"}],"replies":[{"embeddable":true,"href":"https:\/\/seitseoravat.ee\/index.php\/wp-json\/wp\/v2\/comments?post=209"}],"version-history":[{"count":8,"href":"https:\/\/seitseoravat.ee\/index.php\/wp-json\/wp\/v2\/pages\/209\/revisions"}],"predecessor-version":[{"id":1735,"href":"https:\/\/seitseoravat.ee\/index.php\/wp-json\/wp\/v2\/pages\/209\/revisions\/1735"}],"up":[{"embeddable":true,"href":"https:\/\/seitseoravat.ee\/index.php\/wp-json\/wp\/v2\/pages\/165"}],"wp:attachment":[{"href":"https:\/\/seitseoravat.ee\/index.php\/wp-json\/wp\/v2\/media?parent=209"}],"curies":[{"name":"wp","href":"https:\/\/api.w.org\/{rel}","templated":true}]}}